{"id":27,"date":"2026-01-26T21:51:37","date_gmt":"2026-01-26T20:51:37","guid":{"rendered":"https:\/\/djandre.no\/?page_id=27"},"modified":"2026-01-26T21:53:13","modified_gmt":"2026-01-26T20:53:13","slug":"hvem-er-dj-andre","status":"publish","type":"page","link":"https:\/\/djandre.no\/?page_id=27","title":{"rendered":"Hvem er DJ Andre?"},"content":{"rendered":"\n<p>DJ Andre er en mann i 40-\u00e5rene bosatt i L\u00f8renskog, med tekstskriving og musikk som livslang hobby og kreativ drivkraft. Musikken har fulgt ham gjennom hele livet \u2013 b\u00e5de som uttrykk, utforsking og personlig engasjement.<\/p>\n\n\n\n<p>Han er musikalsk anlagt, sv\u00e6rt produktiv og m\u00e5lrettet i det han jobber med, og kombinerer kreativitet med struktur og gjennomf\u00f8ringsevne. DJ Andre lager ogs\u00e5 musikk p\u00e5 bestilling til fast pris, tilpasset behov og bruksomr\u00e5de. Ta gjerne kontakt for n\u00e6rmere informasjon om pris og leveranse.<\/p>\n\n\n\n<p>For DJ Andre handler musikk om mer enn lyd; det er historiefortelling, stemning og formidling \u2013 skapt med ekte engasjement og glede for faget.<\/p>\n\n\n\n<figure class=\"wp-block-image size-large\"><img loading=\"lazy\" decoding=\"async\" width=\"683\" height=\"1024\" src=\"https:\/\/djandre.no\/wp-content\/uploads\/2026\/01\/djandre2026-683x1024.png\" alt=\"\" class=\"wp-image-29\" srcset=\"https:\/\/djandre.no\/wp-content\/uploads\/2026\/01\/djandre2026-683x1024.png 683w, https:\/\/djandre.no\/wp-content\/uploads\/2026\/01\/djandre2026-200x300.png 200w, https:\/\/djandre.no\/wp-content\/uploads\/2026\/01\/djandre2026-768x1152.png 768w, https:\/\/djandre.no\/wp-content\/uploads\/2026\/01\/djandre2026.png 1024w\" sizes=\"auto, (max-width: 683px) 100vw, 683px\" \/><\/figure>\n","protected":false},"excerpt":{"rendered":"<p>DJ Andre er en mann i 40-\u00e5rene bosatt i L\u00f8renskog, med tekstskriving og musikk som [&hellip;]<\/p>\n","protected":false},"author":1,"featured_media":0,"parent":0,"menu_order":0,"comment_status":"closed","ping_status":"closed","template":"","meta":{"footnotes":""},"class_list":["post-27","page","type-page","status-publish","hentry"],"_links":{"self":[{"href":"https:\/\/djandre.no\/index.php?rest_route=\/wp\/v2\/pages\/27","targetHints":{"allow":["GET"]}}],"collection":[{"href":"https:\/\/djandre.no\/index.php?rest_route=\/wp\/v2\/pages"}],"about":[{"href":"https:\/\/djandre.no\/index.php?rest_route=\/wp\/v2\/types\/page"}],"author":[{"embeddable":true,"href":"https:\/\/djandre.no\/index.php?rest_route=\/wp\/v2\/users\/1"}],"replies":[{"embeddable":true,"href":"https:\/\/djandre.no\/index.php?rest_route=%2Fwp%2Fv2%2Fcomments&post=27"}],"version-history":[{"count":2,"href":"https:\/\/djandre.no\/index.php?rest_route=\/wp\/v2\/pages\/27\/revisions"}],"predecessor-version":[{"id":30,"href":"https:\/\/djandre.no\/index.php?rest_route=\/wp\/v2\/pages\/27\/revisions\/30"}],"wp:attachment":[{"href":"https:\/\/djandre.no\/index.php?rest_route=%2Fwp%2Fv2%2Fmedia&parent=27"}],"curies":[{"name":"wp","href":"https:\/\/api.w.org\/{rel}","templated":true}]}}